{"id":2095,"date":"2017-07-18T11:25:16","date_gmt":"2017-07-18T14:25:16","guid":{"rendered":"https:\/\/www.amazoniasocioambiental.org\/?page_id=2095\/"},"modified":"2022-03-29T21:59:43","modified_gmt":"2022-03-30T00:59:43","slug":"politica-de-privacidad","status":"publish","type":"page","link":"https:\/\/www.raisg.org\/es\/politica-de-privacidad\/","title":{"rendered":"Politica de Privacidad"},"content":{"rendered":"<p>PRE\u00c1MBULO<br \/>\nAl acceder a este sitio web, cierta informaci\u00f3n del usuario como el protocolo de Internet (IP), la navegaci\u00f3n por el sitio web, el software utilizado y el tiempo empleado, junto con otra informaci\u00f3n similar, ser\u00e1 almacenada en servidores de la organizaci\u00f3n \u201cRede Amaz\u00f4nica de Informa\u00e7\u00e3o Socioambiental Georreferenciada\u201d (en adelante denominada \u201cRAISG\u201d), proveedor de la tecnolog\u00eda utilizada. Este registro no identificar\u00e1 espec\u00edficamente al usuario. La informaci\u00f3n solo se utilizar\u00e1 internamente para el an\u00e1lisis del tr\u00e1fico del sitio web. Si el usuario proporciona informaci\u00f3n de identificaci\u00f3n espec\u00edfica, como nombre, direcci\u00f3n y otra informaci\u00f3n en los formularios almacenados en el sitio web, dicha informaci\u00f3n solo se utilizar\u00e1 para contactar a los usuarios con respecto al progreso de esta u otras iniciativas de RAISG y sus socios acreditados.<\/p>\n<p>PROVISIONES<br \/>\n1) En el desarrollo de sus fines, RAISG podr\u00e1 solicitar u obtener datos personales (en adelante, \u201cdatos\u201d) de sus usuarios. Estos datos se rigen por los T\u00e9rminos de Uso del sitio web de AMAZONIA SOCIOAMBIENTAL, as\u00ed como por la presente pol\u00edtica de privacidad.<\/p>\n<p>2) RAISG nunca utilizar\u00e1 los datos solicitados para fines distintos a los relacionados con la administraci\u00f3n del sitio web, que incluye, entre otros, estad\u00edsticas y estudios, pero nunca vender\u00e1 los datos. RAISG tampoco ceder\u00e1 nunca los datos obtenidos de los usuarios a terceros, salvo autorizaci\u00f3n expresa del usuario. Y RAISG tampoco utilizar\u00e1 estos datos para el env\u00edo de spam, pr\u00e1ctica que est\u00e1 estrictamente en contra, o para cualquier otra pr\u00e1ctica an\u00e1loga al spam en relaci\u00f3n con sus usuarios.<\/p>\n<p>3) Los datos de los usuarios tambi\u00e9n podr\u00e1n ser utilizados para la administraci\u00f3n, gesti\u00f3n, ampliaci\u00f3n y mejora de las funcionalidades de las tecnolog\u00edas RAISG, as\u00ed como para la personalizaci\u00f3n de los servicios. Los usuarios pueden eventualmente ser contactados por el equipo RAISG, si es necesario.<\/p>\n<p>4) El usuario de RAISG garantiza que los datos personales facilitados a RAISG son verdaderos y actuales.<\/p>\n<p>5) Para acceder y utilizar determinados servicios y contenidos de RAISG, los usuarios deber\u00e1n proporcionar previamente algunos datos de car\u00e1cter personal. RAISG adopta niveles de seguridad dentro de los requisitos legales para la protecci\u00f3n de datos personales. No obstante, es importante que el usuario sea consciente de que, por la propia naturaleza y caracter\u00edsticas t\u00e9cnicas de Internet, esta protecci\u00f3n no es infalible y est\u00e1 sujeta a vulneraci\u00f3n por las m\u00e1s diversas pr\u00e1cticas maliciosas.<\/p>\n<p>6) RAISG no verifica ni tiene obligaci\u00f3n de verificar la identidad de los usuarios ni la veracidad, exhaustividad, autenticidad de los datos que los usuarios proporcionan sobre s\u00ed mismos bajo ninguna circunstancia. RAISG s\u00f3lo facilitar\u00e1 dichos datos a terceros si as\u00ed lo solicitan a trav\u00e9s de las v\u00edas legales vigentes por orden judicial legalmente v\u00e1lida.<\/p>\n<p>7) Con respecto a la privacidad de los usuarios, RAISG no puede garantizar la privacidad y seguridad en el uso de sus servicios en relaci\u00f3n con los usuarios y terceros, existiendo siempre el riesgo inherente de que terceros puedan inferir de cualquier forma informaci\u00f3n sobre condiciones, datos de caracter\u00edsticas, circunstancias y clases relevantes para los usuarios de RAISG. Esto, por supuesto, no es responsabilidad de Nossas, sino de la propia arquitectura de Internet.<\/p>\n<p>8) Habr\u00e1 un canal donde los usuarios podr\u00e1n corregir o actualizar datos, cuando sea necesario, as\u00ed como solicitar la eliminaci\u00f3n definitiva de sus datos de Nossas en caso de que deseen abandonar o ser excluidos de la Plataforma. En los casos excepcionales en los que, por alg\u00fan motivo relevante, el usuario no pueda realizar por s\u00ed mismo la baja, se podr\u00e1 solicitar la baja mediante solicitud a trav\u00e9s del canal de contacto con el equipo de la RAISG, identific\u00e1ndose e informando qu\u00e9 contenidos de su autor\u00eda.quiero tener eliminado.<\/p>\n<p>9) Esta pol\u00edtica de privacidad puede actualizarse peri\u00f3dicamente. Depende del usuario consultar regularmente el sitio web de RAISG para obtener actualizaciones.<\/p>\n","protected":false},"excerpt":{"rendered":"<p>PRE\u00c1MBULO Al acceder a este sitio web, cierta informaci\u00f3n del usuario como el protocolo de Internet (IP), la navegaci\u00f3n por el sitio web, el software utilizado y el tiempo empleado, junto con otra informaci\u00f3n similar, ser\u00e1 almacenada en servidores de la organizaci\u00f3n \u201cRede Amaz\u00f4nica de Informa\u00e7\u00e3o Socioambiental Georreferenciada\u201d (en adelante denominada \u201cRAISG\u201d), proveedor de la&hellip;<\/p>\n","protected":false},"author":296,"featured_media":0,"parent":0,"menu_order":0,"comment_status":"closed","ping_status":"closed","template":"","meta":{"_acf_changed":false,"footnotes":""},"class_list":["post-2095","page","type-page","status-publish","hentry","description-off"],"acf":[],"_links":{"self":[{"href":"https:\/\/www.raisg.org\/es\/wp-json\/wp\/v2\/pages\/2095","targetHints":{"allow":["GET"]}}],"collection":[{"href":"https:\/\/www.raisg.org\/es\/wp-json\/wp\/v2\/pages"}],"about":[{"href":"https:\/\/www.raisg.org\/es\/wp-json\/wp\/v2\/types\/page"}],"author":[{"embeddable":true,"href":"https:\/\/www.raisg.org\/es\/wp-json\/wp\/v2\/users\/296"}],"replies":[{"embeddable":true,"href":"https:\/\/www.raisg.org\/es\/wp-json\/wp\/v2\/comments?post=2095"}],"version-history":[{"count":2,"href":"https:\/\/www.raisg.org\/es\/wp-json\/wp\/v2\/pages\/2095\/revisions"}],"predecessor-version":[{"id":31532,"href":"https:\/\/www.raisg.org\/es\/wp-json\/wp\/v2\/pages\/2095\/revisions\/31532"}],"wp:attachment":[{"href":"https:\/\/www.raisg.org\/es\/wp-json\/wp\/v2\/media?parent=2095"}],"curies":[{"name":"wp","href":"https:\/\/api.w.org\/{rel}","templated":true}]}}