{"id":44746,"date":"2024-10-16T11:46:28","date_gmt":"2024-10-16T14:46:28","guid":{"rendered":"https:\/\/www.raisg.org\/?page_id=44746"},"modified":"2024-10-30T17:38:13","modified_gmt":"2024-10-30T20:38:13","slug":"cop16","status":"publish","type":"page","link":"https:\/\/www.raisg.org\/es\/cop16\/","title":{"rendered":"COP16"},"content":{"rendered":"\t\t<div data-elementor-type=\"wp-page\" data-elementor-id=\"44746\" class=\"elementor elementor-44746\" data-elementor-settings=\"{&quot;ha_cmc_init_switcher&quot;:&quot;no&quot;}\" data-elementor-post-type=\"page\">\n\t\t\t\t<div class=\"elementor-element elementor-element-663a7c1 e-flex e-con-boxed e-con e-parent\" data-id=\"663a7c1\" data-element_type=\"container\" data-e-type=\"container\" data-settings=\"{&quot;background_background&quot;:&quot;classic&quot;,&quot;_ha_eqh_enable&quot;:false}\">\n\t\t\t\t\t<div class=\"e-con-inner\">\n\t\t<div class=\"elementor-element elementor-element-485b0f6 e-con-full e-flex e-con e-child\" data-id=\"485b0f6\" data-element_type=\"container\" data-e-type=\"container\" data-settings=\"{&quot;_ha_eqh_enable&quot;:false}\">\n\t\t\t\t<div class=\"elementor-element elementor-element-d9efe6a elementor-widget__width-initial elementor-widget-mobile__width-initial elementor-widget elementor-widget-image\" data-id=\"d9efe6a\" data-element_type=\"widget\" data-e-type=\"widget\" data-widget_type=\"image.default\">\n\t\t\t\t<div class=\"elementor-widget-container\">\n\t\t\t\t\t\t\t\t\t\t\t\t\t\t\t<img fetchpriority=\"high\" decoding=\"async\" width=\"480\" height=\"114\" src=\"https:\/\/www.raisg.org\/wp-content\/uploads\/2021\/12\/RAISG_logo_ES_gris_480-1.png\" class=\"attachment-large size-large wp-image-29866\" alt=\"\" srcset=\"https:\/\/www.raisg.org\/wp-content\/uploads\/2021\/12\/RAISG_logo_ES_gris_480-1.png 480w, https:\/\/www.raisg.org\/wp-content\/uploads\/2021\/12\/RAISG_logo_ES_gris_480-1-300x71.png 300w\" sizes=\"(max-width: 480px) 100vw, 480px\" \/>\t\t\t\t\t\t\t\t\t\t\t\t\t\t\t<\/div>\n\t\t\t\t<\/div>\n\t\t\t\t<div class=\"elementor-element elementor-element-6cd79a0 elementor-widget__width-initial elementor-widget-mobile__width-initial elementor-widget elementor-widget-image\" data-id=\"6cd79a0\" data-element_type=\"widget\" data-e-type=\"widget\" data-widget_type=\"image.default\">\n\t\t\t\t<div class=\"elementor-widget-container\">\n\t\t\t\t\t\t\t\t\t\t\t\t\t\t\t<img decoding=\"async\" width=\"180\" height=\"95\" src=\"https:\/\/www.raisg.org\/wp-content\/uploads\/2024\/10\/LOGO-COP16-e1727822559894.png\" class=\"attachment-large size-large wp-image-44765\" alt=\"\" \/>\t\t\t\t\t\t\t\t\t\t\t\t\t\t\t<\/div>\n\t\t\t\t<\/div>\n\t\t\t\t<\/div>\n\t\t\t\t<div class=\"elementor-element elementor-element-7dcbc8d elementor-widget elementor-widget-heading\" data-id=\"7dcbc8d\" data-element_type=\"widget\" data-e-type=\"widget\" data-widget_type=\"heading.default\">\n\t\t\t\t<div class=\"elementor-widget-container\">\n\t\t\t\t\t<h2 class=\"elementor-heading-title elementor-size-default\">RAISG EN LA COP16 DE BIODIVERSIDAD<\/h2>\t\t\t\t<\/div>\n\t\t\t\t<\/div>\n\t\t\t\t\t<\/div>\n\t\t\t\t<\/div>\n\t\t<div class=\"elementor-element elementor-element-e7da463 e-flex e-con-boxed e-con e-parent\" data-id=\"e7da463\" data-element_type=\"container\" data-e-type=\"container\" data-settings=\"{&quot;_ha_eqh_enable&quot;:false}\">\n\t\t\t\t\t<div class=\"e-con-inner\">\n\t\t\t\t<div class=\"elementor-element elementor-element-59601fa elementor-widget elementor-widget-text-editor\" data-id=\"59601fa\" data-element_type=\"widget\" data-e-type=\"widget\" data-widget_type=\"text-editor.default\">\n\t\t\t\t<div class=\"elementor-widget-container\">\n\t\t\t\t\t\t\t\t\t<p><strong>ESTUDIOS E INICIATIVAS<\/strong><\/p>\n<ul>\n<li><span style=\"text-decoration: underline;\"><a href=\"https:\/\/www.raisg.org\/wp-content\/uploads\/2024\/10\/Factsheet_Amazonia_6.0.pdf\">Factsheet MapBioma Amaz\u00f3nia Uso y Cobertura Colecci\u00f3n 6<\/a><\/span><\/li>\n<li><span style=\"text-decoration: underline;\"><a href=\"https:\/\/www.raisg.org\/wp-content\/uploads\/2024\/10\/Brochure-para-Lideres-Indigenas-COP16-RAISG.pdf\" target=\"_blank\" rel=\"noopener\">COP16: Los Pueblos Ind\u00edgenas como actores cruciales para dialogar sobre la protecci\u00f3n de la biodiversidad del planeta<\/a><\/span><\/li>\n<li><span style=\"text-decoration: underline;\"><a href=\"https:\/\/www.raisg.org\/wp-content\/uploads\/2024\/10\/Analisis-de-RAISG-y-ANA.pdf\" target=\"_blank\" rel=\"noopener\">EFECTOS DE UNA AMAZON\u00cdA FRAGMENTADA SOBRE LA BIODIVERSIDAD REGIONAL: An\u00e1lisis del estado de la conectividad ecol\u00f3gica a nivel Panamaz\u00f3nico1 (1985-2022)<\/a><\/span><\/li>\n<\/ul>\n<h5>&nbsp;<\/h5>\n<p><b>NOTAS DE PRENSA&nbsp;<\/b><\/p>\n<ul>\n<li><a href=\"https:\/\/www.raisg.org\/wp-content\/uploads\/2024\/10\/release-conectividade-amazonica-es.pdf\" target=\"_blank\" rel=\"noopener\"><span style=\"text-decoration: underline;\">Nota de prensa del Estudio de Conectividad Ecol\u00f3gica ANA y RAISG &#8211; ESPA\u00d1OL<\/span><\/a><\/li>\n<li><a href=\"https:\/\/www.raisg.org\/wp-content\/uploads\/2024\/10\/release-conectividade-amazonica-ptbr.pdf\" target=\"_blank\" rel=\"noopener\"><span style=\"text-decoration: underline;\">Nota de imprensa de Estudio de Conectividad Ecol\u00f3gica ANA y RAISG &#8211; PORTUGU\u00caS<\/span><\/a><\/li>\n<li><a href=\"https:\/\/www.raisg.org\/wp-content\/uploads\/2024\/10\/release-conectividade-amazonica-en.pdf\" target=\"_blank\" rel=\"noopener\"><span style=\"text-decoration: underline;\">Nota de imprensa de Estudio de Conectividad Ecol\u00f3gica ANA y RAISG &#8211; ENGLISH<\/span><\/a><\/li>\n<\/ul>\n<p><b>&nbsp;<\/b><\/p>\n<p><b>PRESENTACIONES&nbsp;<\/b><\/p>\n<ul>\n<li><span style=\"text-decoration: underline;\"><a href=\"https:\/\/www.raisg.org\/wp-content\/uploads\/2024\/10\/COP16-_-ESTUDIO-CONECTIVIDAD-ECOLOGICA-2.pdf\">21.10.24 Presentaci\u00f3n Amazon\u00eda conectada ecol\u00f3gica, social y culturalmente ANA &#8211; RAISG<\/a><\/span><\/li>\n<li><span style=\"text-decoration: underline;\"><a href=\"https:\/\/www.raisg.org\/wp-content\/uploads\/2024\/10\/21.10.24-Impactos-y-desafios-de-la-mineria-ilegal-CAF-OEA_COP16.pptx\">21.10.24 Impactos y desafios de la mineria ilegal CAF-OEA_COP16<\/a><\/span><\/li>\n<li><span style=\"text-decoration: underline;\"><a href=\"https:\/\/www.raisg.org\/wp-content\/uploads\/2024\/10\/22.10.2024-Presentacion-RAISG-Cooperacion-regional-21-e-31.10.24.pptx\">22.10.24 Presentacio\u0301n RAISG Cooperacio\u0301n regional 21 e 31.10.24<\/a><\/span><\/li>\n<li><a href=\"https:\/\/www.raisg.org\/wp-content\/uploads\/2024\/10\/Amazonia-a-contra-reloj_MQuintanilla_v2BR.pptx\"><u>24.10.24 Amazon\u00eda a Contrarreloj<\/u><\/a><\/li>\n<li><span style=\"text-decoration: underline;\"><a href=\"https:\/\/www.raisg.org\/wp-content\/uploads\/2024\/10\/26.10.24-Inteligencia-geoespacial_COP16.pptx\">26.10.24 Inteligencia geoespacial_COP16<\/a><\/span><\/li>\n<\/ul>\t\t\t\t\t\t\t\t<\/div>\n\t\t\t\t<\/div>\n\t\t\t\t\t<\/div>\n\t\t\t\t<\/div>\n\t\t\t\t<\/div>\n\t\t","protected":false},"excerpt":{"rendered":"<p>RAISG EN LA COP16 DE BIODIVERSIDAD ESTUDIOS E INICIATIVAS Factsheet MapBioma Amaz\u00f3nia Uso y Cobertura Colecci\u00f3n 6 COP16: Los Pueblos Ind\u00edgenas como actores cruciales para dialogar sobre la protecci\u00f3n de la biodiversidad del planeta EFECTOS DE UNA AMAZON\u00cdA FRAGMENTADA SOBRE LA BIODIVERSIDAD REGIONAL: An\u00e1lisis del estado de la conectividad ecol\u00f3gica a nivel Panamaz\u00f3nico1 (1985-2022) &nbsp;&hellip;<\/p>\n","protected":false},"author":296,"featured_media":0,"parent":0,"menu_order":0,"comment_status":"closed","ping_status":"closed","template":"elementor_canvas","meta":{"_acf_changed":false,"footnotes":""},"class_list":["post-44746","page","type-page","status-publish","hentry"],"acf":[],"_links":{"self":[{"href":"https:\/\/www.raisg.org\/es\/wp-json\/wp\/v2\/pages\/44746","targetHints":{"allow":["GET"]}}],"collection":[{"href":"https:\/\/www.raisg.org\/es\/wp-json\/wp\/v2\/pages"}],"about":[{"href":"https:\/\/www.raisg.org\/es\/wp-json\/wp\/v2\/types\/page"}],"author":[{"embeddable":true,"href":"https:\/\/www.raisg.org\/es\/wp-json\/wp\/v2\/users\/296"}],"replies":[{"embeddable":true,"href":"https:\/\/www.raisg.org\/es\/wp-json\/wp\/v2\/comments?post=44746"}],"version-history":[{"count":5,"href":"https:\/\/www.raisg.org\/es\/wp-json\/wp\/v2\/pages\/44746\/revisions"}],"predecessor-version":[{"id":45242,"href":"https:\/\/www.raisg.org\/es\/wp-json\/wp\/v2\/pages\/44746\/revisions\/45242"}],"wp:attachment":[{"href":"https:\/\/www.raisg.org\/es\/wp-json\/wp\/v2\/media?parent=44746"}],"curies":[{"name":"wp","href":"https:\/\/api.w.org\/{rel}","templated":true}]}}