{"id":2085,"date":"2017-07-18T11:23:02","date_gmt":"2017-07-18T14:23:02","guid":{"rendered":"https:\/\/www.amazoniasocioambiental.org\/?page_id=2085\/"},"modified":"2022-03-29T22:01:23","modified_gmt":"2022-03-30T01:01:23","slug":"termos-de-uso","status":"publish","type":"page","link":"https:\/\/www.raisg.org\/pt-br\/termos-de-uso\/","title":{"rendered":"Termos de Uso"},"content":{"rendered":"<p><strong>TERMO DE LICENCIAMENTO DE USO DE DADOS CARTOGR\u00c1FICOS\u00a0<\/strong><strong>COMPARTILHADOS NO \u00c2MBITO DA RAISG<\/strong><\/p>\n<p>&nbsp;<\/p>\n<p><strong>A. INTRODU\u00c7\u00c3O<\/strong><\/p>\n<p>O presente documento estabelece os acordos para difus\u00e3o das bases de informa\u00e7\u00e3o cartogr\u00e1fica produzidas pelos s\u00f3cios da RAISG e ou compiladas de diversas fontes por acordos com institui\u00e7\u00f5es em cada pa\u00eds. Estes dados foram organizados sistematicamente sob par\u00e2metros de qualidade e foram trabalhados entre as organiza\u00e7\u00f5es da RAISG, para estandardiz\u00e1-los e para que se tornassem compat\u00edveis e leg\u00edveis, sem perder sua especificidade de origem.<\/p>\n<p>RAISG \u00e9 uma rede que possibilita a coopera\u00e7\u00e3o entre institui\u00e7\u00f5es que trabalham com sistemas de informa\u00e7\u00e3o socioambiental georreferenciada na Amaz\u00f4nia. \u00c9 composta atualmente por sete organiza\u00e7\u00f5es da sociedade civil de seis pa\u00edses amaz\u00f3nicos (Bol\u00edvia, Brasil, Col\u00f4mbia, Equador, Peru e Venezuela). Maiores informa\u00e7\u00f5es sobre RAISG podem ser obtidas em <a href=\"http:\/\/www.amazoniasocioambiental.org\">www.amazoniasocioambiental.org<\/a>.<\/p>\n<p>Este protocolo \u00e9 um guia para o manejo e uso dos dados geogr\u00e1ficos disponibilizados pela RAISG.<\/p>\n<p>&nbsp;<\/p>\n<p><strong>B. OBJETIVOS<\/strong><\/p>\n<p>O objetivo primordial deste protocolo \u00e9 oferecer aos usu\u00e1rios em geral informa\u00e7\u00e3o geogr\u00e1fica dos diferentes pa\u00edses amaz\u00f4nicos, organizada sob padr\u00f5es de qualidade no marco da RAISG. Assim os usu\u00e1rios podem ter r\u00e1pido acesso para visualizar ou fazer o <em>download<\/em> de dados e, assim elaborar suas pr\u00f3prias an\u00e1lises utilizando uma base de dados regional consistente.<\/p>\n<p>Este protocolo se aplica ao manejo da informa\u00e7\u00e3o geogr\u00e1fica e alfanum\u00e9rica proveniente de diferentes fontes e compartilhadas pelas entidades s\u00f3cias da RAISG.<\/p>\n<p>&nbsp;<\/p>\n<p><strong>1. CL\u00c1USULA PRIMEIRA \u2013 DEFINI\u00c7\u00d5ES<\/strong><\/p>\n<p>Os termos usados neste protocolo s\u00e3o:<\/p>\n<p>Dados Geogr\u00e1ficos ou Cartogr\u00e1ficos: Informa\u00e7\u00e3o vetorial, imagem (raster) ou alfanum\u00e9rica, georreferenciada, compilada e facilitada pela RAISG.<\/p>\n<p>Geo-servi\u00e7o ou Api: Servi\u00e7o web que permite a visualiza\u00e7\u00e3o de dados cartogr\u00e1ficos de forma din\u00e2mica via internet.<\/p>\n<p>Mapa <em>online<\/em>: ferramenta web para visualiza\u00e7\u00e3o das camadas de informa\u00e7\u00e3o cartogr\u00e1fica.<\/p>\n<p>Termo de licenciamento: Condi\u00e7\u00f5es e permiss\u00f5es para o uso de dados geogr\u00e1ficos facilitados por RAISG em diferentes formatos.<\/p>\n<p>Fonte: Institui\u00e7\u00e3o respons\u00e1vel pela elabora\u00e7\u00e3o e publica\u00e7\u00e3o do dado. Podem ser \u00f3rg\u00e3os governamentais, organiza\u00e7\u00f5es s\u00f3cias da RAISG ou outras organiza\u00e7\u00f5es da sociedade civil que os produziram.<\/p>\n<p>Entidade s\u00f3cia de RAISG: uma das institui\u00e7\u00f5es que formam a Rede (ver www.amazoniasocioambiental.org) e que compartilharam a informa\u00e7\u00e3o cartogr\u00e1fica.<\/p>\n<p>Metadados: arquivo que cont\u00e9m a descri\u00e7\u00e3o e informa\u00e7\u00f5es sobre o dado cartogr\u00e1fico.<\/p>\n<p>&nbsp;<\/p>\n<p><strong>2. CL\u00c1USULA SEGUNDA \u2013 ALCANCE GEOGR\u00c1FICO<\/strong><\/p>\n<p>Os dados objetos do presente protocolo est\u00e3o limitados \u00e0 Amaz\u00f4nia biogeogr\u00e1fica no Peru, Col\u00f4mbia, Bol\u00edvia, Venezuela, Guyana, Guiana Francesa e Suriname, \u00e0 Regi\u00e3o Amaz\u00f3nica Equatoriana (RAE) e \u00e0 Amaz\u00f4nia Legal Brasileira.<\/p>\n<p>A informa\u00e7\u00e3o \u00e9 resultado de elabora\u00e7\u00e3o pr\u00f3pria das institui\u00e7\u00f5es s\u00f3cias da RAISG ou compiladas de diferentes fontes, as quais est\u00e3o descritas nos metadados de cada um dos temas. A temas para os quais\u00a0 RAISG compilou informa\u00e7\u00e3o com alcance regional amaz\u00f4nico s\u00e3o, at\u00e9 o momento:<\/p>\n<ol>\n<li>Territ\u00f3rios Ind\u00edgenas \u2013 informa\u00e7\u00e3o sobre as diferentes categorias de territ\u00f3rios ind\u00edgenas, com e sem reconhecimento oficial.<\/li>\n<li>\u00c1reas Naturais Protegidas \u2013 informa\u00e7\u00e3o das diferentes categorias de \u00c1reas Naturais Protegidas criadas ou propostas no \u00e2mbito dos Sistemas Nacionais ou Estaduais de ANP.<\/li>\n<li>Hidroel\u00e9tricas \u2013 localiza\u00e7\u00e3o das hidroel\u00e9tricas planejadas, em constru\u00e7\u00e3o ou em opera\u00e7\u00e3o [ainda em processo de elabora\u00e7\u00e3o para disponibiliza\u00e7\u00e3o futura]<\/li>\n<li>Estradas \u2013 tra\u00e7ado das estradas principais, secund\u00e1rias e estradas de ferro, existentes ou planejadas [ainda em processo de elabora\u00e7\u00e3o para disponibiliza\u00e7\u00e3o futura]<\/li>\n<li>Minera\u00e7\u00e3o \u2013 pol\u00edgonos dos interesses ou concess\u00f5es miner\u00e1rias [ainda em processo de elabora\u00e7\u00e3o para disponibiliza\u00e7\u00e3o futura]<\/li>\n<li>Petr\u00f3leo e G\u00e1s \u2013 pol\u00edgonos dos interesses ou concess\u00f5es para explora\u00e7\u00e3o de petr\u00f3leo e g\u00e1s [ainda em processo de elabora\u00e7\u00e3o para disponibiliza\u00e7\u00e3o futura]<\/li>\n<li>Desmatamento \u2013 \u00e1reas de corte raso da floresta, elaborado a partir de protocolo pr\u00f3prio desenvolvido pela RAISG a partir da metodologia do Imazon. Ressalta-se que \u00e9 informa\u00e7\u00e3o gerada no marco do trabalho articulado entre as organiza\u00e7\u00f5es da RAISG. Dispon\u00edvel em formato raster por cada pa\u00eds.<\/li>\n<li>Limites administrativos &#8211; compila\u00e7\u00e3o e compatibiliza\u00e7\u00e3o de informa\u00e7\u00e3o oficial dos limites internacionais, estaduais e municipais (ou equivalentes) [todav\u00eda em proceso de elabora\u00e7\u00e3o para descarga]<\/li>\n<li>Limites amaz\u00f4nicos:\n<ul>\n<li>Bacia e sub-bacias [todav\u00eda em proceso de elabora\u00e7\u00e3o para descarga]<\/li>\n<li>Biogeogr\u00e1fico<\/li>\n<li>Utilizado pela RAISG em suas publica\u00e7\u00f5es, o qual corresponde \u00e0 Amaz\u00f4nia biogeogr\u00e1fica no Peru, Col\u00f4mbia, Bol\u00edvia, Venezuela, Guyana, Guiana Francesa e Suriname, \u00e0 Regi\u00e3o Amaz\u00f4nica Equatoriana (RAE) e \u00e0 Amaz\u00f4nia Legal Brasileira (limite RAISG)<\/li>\n<\/ul>\n<\/li>\n<\/ol>\n<p>&nbsp;<\/p>\n<p><strong>3. CL\u00c1USULA TERCEIRA \u2013 FORMATO DOS DADOS<\/strong><\/p>\n<p>RAISG fornece informa\u00e7\u00e3o cartogr\u00e1fica em tr\u00eas diferentes modalidades, que podem ser acessadas na se\u00e7\u00e3o Mapas &amp; Publica\u00e7\u00f5es, em <a href=\"http:\/\/www.amazoniasocioambiental.org\">www.amazoniasocioambiental.org<\/a>:<\/p>\n<ol>\n<li>Todos os dados descritos na cl\u00e1usula segunda podem ser utilizados atrav\u00e9s de <strong>API<\/strong> (ou geo-servi\u00e7os)<\/li>\n<li>Todos os dados descritos na cl\u00e1usula segunda podem ser visualizados no <strong>mapa <em>online<\/em><\/strong>, interface gr\u00e1fica que permite ao usu\u00e1rio manejar as camadas de informa\u00e7\u00e3o e conhecer seus metadados, bem como gerar seu pr\u00f3prio mapa, atrav\u00e9s da ferramenta \u201cimpress\u00e3o\u201d.<\/li>\n<li>Parte dos dados descritos na cl\u00e1usula segunda est\u00e3o dispon\u00edveis para <em>download<\/em> em formato <em>shapefile<\/em> atrav\u00e9s da ferramenta <strong><em>download<\/em><\/strong>, mediante a aceita\u00e7\u00e3o expressa deste termo de licenciamento.<\/li>\n<\/ol>\n<p>Todos os dados t\u00eam seus respectivos arquivos de metadados, que podem ser acessados atrav\u00e9s do mapa online.<\/p>\n<p>&nbsp;<\/p>\n<p><strong>4. CL\u00c1USULA QUARTA \u2013 PROPRIEDADE INTELECTUAL e DIREITOS AUTORAIS<\/strong><\/p>\n<p>A propriedade intelectual dos dados descritos na cl\u00e1usula segunda corresponde \u00e0s fontes originais em cada pa\u00eds, descritas nos metadados, as quais podem ser fontes governamentais ou informa\u00e7\u00e3o gerada pelas organiza\u00e7\u00f5es s\u00f3cias da RAISG ou outras organiza\u00e7\u00f5es da sociedade civil.<\/p>\n<p>A cita\u00e7\u00e3o dos dados geogr\u00e1ficos deve seguir a forma descrita no campo \u201c<strong><em>citation<\/em><\/strong>\u201d dos metadados de cada tema.<\/p>\n<p>&nbsp;<\/p>\n<p><strong>5. CL\u00c1USULA QUINTA \u2013 PERMISS\u00c3O DE USO<\/strong><\/p>\n<p>A informa\u00e7\u00e3o disponibilizada pela RAISG nos formatos mencionados na cl\u00e1usula terceira \u2013 a qual repetimos pode ser informa\u00e7\u00e3o produzida por s\u00f3cio da RAISG ou produzida por terceiros, compilada e organizada por s\u00f3cio da RAISG \u2013 pode ser utilizada sempre e quando seu uso leve em considera\u00e7\u00e3o as seguintes condi\u00e7\u00f5es, as quais s\u00e3o requisitos para o uso da informa\u00e7\u00e3o: <strong>1)<\/strong> seu uso n\u00e3o tenha finalidade lucrativa; <strong>2)<\/strong> os dados baixados n\u00e3o sejam alterados; <strong>3)<\/strong> se use a cita\u00e7\u00e3o descrita no campo \u201ccitation\u201d dos metadados.<\/p>\n<p><strong>Ao usar os API ou fazer download de dados, o usu\u00e1rio se compromete a seguir as tr\u00eas condi\u00e7\u00f5es de uso acima citadas.<\/strong><\/p>\n<p>Agradecemos a notifica\u00e7\u00e3o de eventuais erros ou inconsist\u00eancias encontradas nas bases de dados, atrav\u00e9s do email <a href=\"mailto:mailraisg@socioambiental.org\">mailraisg@socioambiental.org<\/a>.<\/p>\n<p>&nbsp;<\/p>\n<p><strong>6. CL\u00c1USULA SEXTA \u2013 REGISTRO DE USU\u00c1RIOS<\/strong><\/p>\n<p>O <em>download<\/em> dos dados em formato <em>shapefile<\/em> s\u00f3 pode ser feito por usu\u00e1rios registrados. Na primeira vez que usar a op\u00e7\u00e3o, ser\u00e1 solicitado um registro simples de usu\u00e1rio (cl\u00e1usula 6).<\/p>\n<p>Neste momento o usu\u00e1rio seleciona os dados que quer baixar e informa a finalidade de uso da informa\u00e7\u00e3o. Imediata e automaticamente o sistema enviar\u00e1 ao email fornecido um link para o download.<\/p>\n<p>O registro permitir\u00e1 \u00e0 RAISG conhecer os usu\u00e1rios de sua informa\u00e7\u00e3o.<\/p>\n","protected":false},"excerpt":{"rendered":"<p>TERMO DE LICENCIAMENTO DE USO DE DADOS CARTOGR\u00c1FICOS\u00a0COMPARTILHADOS NO \u00c2MBITO DA RAISG &nbsp; A. INTRODU\u00c7\u00c3O O presente documento estabelece os acordos para difus\u00e3o das bases de informa\u00e7\u00e3o cartogr\u00e1fica produzidas pelos s\u00f3cios da RAISG e ou compiladas de diversas fontes por acordos com institui\u00e7\u00f5es em cada pa\u00eds. Estes dados foram organizados sistematicamente sob par\u00e2metros de qualidade&hellip;<\/p>\n","protected":false},"author":296,"featured_media":0,"parent":0,"menu_order":0,"comment_status":"closed","ping_status":"closed","template":"","meta":{"_acf_changed":false,"footnotes":""},"class_list":["post-2085","page","type-page","status-publish","hentry","description-off"],"acf":[],"_links":{"self":[{"href":"https:\/\/www.raisg.org\/pt-br\/wp-json\/wp\/v2\/pages\/2085","targetHints":{"allow":["GET"]}}],"collection":[{"href":"https:\/\/www.raisg.org\/pt-br\/wp-json\/wp\/v2\/pages"}],"about":[{"href":"https:\/\/www.raisg.org\/pt-br\/wp-json\/wp\/v2\/types\/page"}],"author":[{"embeddable":true,"href":"https:\/\/www.raisg.org\/pt-br\/wp-json\/wp\/v2\/users\/296"}],"replies":[{"embeddable":true,"href":"https:\/\/www.raisg.org\/pt-br\/wp-json\/wp\/v2\/comments?post=2085"}],"version-history":[{"count":2,"href":"https:\/\/www.raisg.org\/pt-br\/wp-json\/wp\/v2\/pages\/2085\/revisions"}],"predecessor-version":[{"id":31536,"href":"https:\/\/www.raisg.org\/pt-br\/wp-json\/wp\/v2\/pages\/2085\/revisions\/31536"}],"wp:attachment":[{"href":"https:\/\/www.raisg.org\/pt-br\/wp-json\/wp\/v2\/media?parent=2085"}],"curies":[{"name":"wp","href":"https:\/\/api.w.org\/{rel}","templated":true}]}}