{"id":2088,"date":"2017-07-18T11:25:16","date_gmt":"2017-07-18T14:25:16","guid":{"rendered":"https:\/\/www.amazoniasocioambiental.org\/?page_id=2088\/"},"modified":"2018-02-06T18:58:29","modified_gmt":"2018-02-06T20:58:29","slug":"politica-de-privacidade","status":"publish","type":"page","link":"https:\/\/www.raisg.org\/pt-br\/politica-de-privacidade\/","title":{"rendered":"Pol\u00edtica de Privacidade"},"content":{"rendered":"<div class=\"wpb-content-wrapper\"><p>[vc_row el_class=&#8221;container&#8221;][vc_column][vc_column_text]<\/p>\n<div class=\"modal-title\">PRE\u00c2MBULO<\/div>\n<p>Ao acessar a este site, certas informa\u00e7\u00f5es sobre o usu\u00e1rio como o protocolo de Internet (IP), navega\u00e7\u00e3o atrav\u00e9s do site, o software utilizado e o tempo gasto, junto com outras informa\u00e7\u00f5es semelhantes, ser\u00e3o armazenados em servidores da organiza\u00e7\u00e3o \u201cRede Amaz\u00f4nica de Informa\u00e7\u00f5es Socioambientais Georreferenciadas\u201d (a partir de agora chamada de \u201cRAISG\u201d), fornecedora da tecnologia utilizada. Este registro n\u00e3o ir\u00e1 identificar especificamente o usu\u00e1rio. A informa\u00e7\u00e3o ser\u00e1 utilizada apenas internamente para an\u00e1lise de tr\u00e1fego no website. Se o usu\u00e1rio fornece informa\u00e7\u00f5es de identifica\u00e7\u00e3o espec\u00edficas, tais como nome, endere\u00e7o e outras informa\u00e7\u00f5es em formul\u00e1rios armazenados no site, tais informa\u00e7\u00f5es ser\u00e3o usadas apenas para contactar os usu\u00e1rios a respeito do andamento dessa ou outras iniciativas de RAISG e de seus parceiros credenciados.<\/p>\n<div class=\"modal-title\">DISPOSI\u00c7\u00d5ES<\/div>\n<p>1) No desempenho de suas finalidades, RAISG pode solicitar ou obter dados pessoais (aqui denominados &#8220;dados&#8221;) dos seus usu\u00e1rios. Esses dados s\u00e3o governados pelos Termos de Uso do site AMAZONIA SOCIOAMBIENTAL, bem como pela presente pol\u00edtica de privacidade.<\/p>\n<p>2) RAISG jamais utilizar\u00e1 os dados solicitados para outras finalidades que n\u00e3o aquelas relativas \u00e0 administra\u00e7\u00e3o do site, que inclui, dentre outras, realiza\u00e7\u00e3o de estat\u00edsticas e estudos, por\u00e9m jamais vender\u00e1 os dados. RAISG tamb\u00e9m jamais fornecer\u00e1 os dados obtidos junto aos usu\u00e1rios a terceiros, exceto se houver autoriza\u00e7\u00e3o expressa do usu\u00e1rio. E RAISG tamb\u00e9m n\u00e3o utilizar\u00e1 esses dados para envio de spam, pr\u00e1tica a qual \u00e9 terminantemente contra, ou para qualquer outra pr\u00e1tica semelhante ao spam com rela\u00e7\u00e3o a seus usu\u00e1rios.<\/p>\n<p>3) Os dados dos usu\u00e1rios tamb\u00e9m poder\u00e3o ser utilizados para adminIstra\u00e7\u00e3o, gest\u00e3o, amplia\u00e7\u00e3o e melhoramento das funcionalidades das tecnologias RAISG, bem como a customiza\u00e7\u00e3o dos servi\u00e7os. Os usu\u00e1rios poder\u00e3o eventualmente ser contactados pela equipe de RAISG, caso isso se fa\u00e7a necess\u00e1rio.<\/p>\n<p>4) O usu\u00e1rio de RAISG garante que os dados pessoais fornecidos para RAISG s\u00e3o verdadeiros e atuais.<\/p>\n<p>5) Para acessar e utilizar certos servi\u00e7os e conte\u00fados de RAISG, \u00e9 necess\u00e1rio que os usu\u00e1rios forne\u00e7am previamente alguns dados pessoais. RAISG adota n\u00edveis de seguran\u00e7a dentro dos requisitos legais para a prote\u00e7\u00e3o dos dados pessoais. Entretanto, \u00e9 importante que o usu\u00e1rio tenha ci\u00eancia de que pela pr\u00f3pria natureza e caracter\u00edsticas t\u00e9cnicas da Internet, essa prote\u00e7\u00e3o n\u00e3o \u00e9 infal\u00edvel e encontra-se sujeita \u00e0 viola\u00e7\u00e3o pelas mais diversas pr\u00e1ticas maliciosas.<\/p>\n<p>6) RAISG n\u00e3o verifica e n\u00e3o possui qualquer obriga\u00e7\u00e3o de verificar a identidade dos usu\u00e1rios nem a veracidade, completude, autenticidade dos dados que os usu\u00e1rios fornecem sobre si em qualquer circunst\u00e2ncia. RAISG somente fornecer\u00e1 quaisquer desses dados para terceiros se solicitada por meio de canais legais em vigor mediante ordem judicial legalmente v\u00e1lida.<\/p>\n<p>7) Com rela\u00e7\u00e3o \u00e0 privacidade dos usu\u00e1rios, RAISG n\u00e3o tem como garantir a privacidade e seguran\u00e7a na utiliza\u00e7\u00e3o de seus servi\u00e7os com rela\u00e7\u00e3o aos usu\u00e1rios e terceiros, havendo sempre o risco inerente de que sejam poss\u00edveis a terceiros inferir de qualquer forma informa\u00e7\u00f5es sobre condi\u00e7\u00f5es, caracter\u00edsticas dados, circunst\u00e2ncias e classes pertinentes aos usu\u00e1rios de RAISG. Isso, naturalmente, n\u00e3o \u00e9 responsabilidade do Nossas, mas da pr\u00f3pria arquitetura da internet.<\/p>\n<p>8) Existir\u00e1 canal onde os usu\u00e1rios poder\u00e3o corrigir ou atualizar dados, sempre que necess\u00e1rio, bem como poder\u00e3o solicitar exclus\u00e3o definitiva de seus dados do Nossas na hip\u00f3tese desejar sair ou ser exclu\u00eddo da Plataforma. Para casos excepcionais em que por algum motivo relevante o usu\u00e1rio n\u00e3o conseguir efetuar ele mesmo a remo\u00e7\u00e3o, ser\u00e1 poss\u00edvel solicitar a remo\u00e7\u00e3o atrav\u00e9s de requisi\u00e7\u00e3o por meio do canal de contato com a equipe de RAISG, devendo identificar-se e informar quais conte\u00fados de sua autoria deseja ter removidos.<\/p>\n<p>9) Esta pol\u00edtica de privacidade pode vir a ser atualizada regularmente. Cabe ao usu\u00e1rio verificar regularmente no site de RAISG para buscar atualiza\u00e7\u00f5es.[\/vc_column_text][\/vc_column][\/vc_row]<\/p>\n<\/div>","protected":false},"excerpt":{"rendered":"<p>[vc_row el_class=&#8221;container&#8221;][vc_column][vc_column_text] PRE\u00c2MBULO Ao acessar a este site, certas informa\u00e7\u00f5es sobre o usu\u00e1rio como o protocolo de Internet (IP), navega\u00e7\u00e3o atrav\u00e9s do site, o software utilizado e o tempo gasto, junto com outras informa\u00e7\u00f5es semelhantes, ser\u00e3o armazenados em servidores da organiza\u00e7\u00e3o \u201cRede Amaz\u00f4nica de Informa\u00e7\u00f5es Socioambientais Georreferenciadas\u201d (a partir de agora chamada de \u201cRAISG\u201d), fornecedora&hellip;<\/p>\n","protected":false},"author":296,"featured_media":0,"parent":0,"menu_order":0,"comment_status":"closed","ping_status":"closed","template":"","meta":{"_acf_changed":false,"footnotes":""},"class_list":["post-2088","page","type-page","status-publish","hentry","description-off"],"acf":[],"_links":{"self":[{"href":"https:\/\/www.raisg.org\/pt-br\/wp-json\/wp\/v2\/pages\/2088","targetHints":{"allow":["GET"]}}],"collection":[{"href":"https:\/\/www.raisg.org\/pt-br\/wp-json\/wp\/v2\/pages"}],"about":[{"href":"https:\/\/www.raisg.org\/pt-br\/wp-json\/wp\/v2\/types\/page"}],"author":[{"embeddable":true,"href":"https:\/\/www.raisg.org\/pt-br\/wp-json\/wp\/v2\/users\/296"}],"replies":[{"embeddable":true,"href":"https:\/\/www.raisg.org\/pt-br\/wp-json\/wp\/v2\/comments?post=2088"}],"version-history":[{"count":1,"href":"https:\/\/www.raisg.org\/pt-br\/wp-json\/wp\/v2\/pages\/2088\/revisions"}],"predecessor-version":[{"id":4636,"href":"https:\/\/www.raisg.org\/pt-br\/wp-json\/wp\/v2\/pages\/2088\/revisions\/4636"}],"wp:attachment":[{"href":"https:\/\/www.raisg.org\/pt-br\/wp-json\/wp\/v2\/media?parent=2088"}],"curies":[{"name":"wp","href":"https:\/\/api.w.org\/{rel}","templated":true}]}}